{"id":1819,"date":"2019-01-30T09:59:52","date_gmt":"2019-01-30T12:59:52","guid":{"rendered":"https:\/\/www.personalfishing.com.br\/?page_id=1819"},"modified":"2020-06-26T15:08:30","modified_gmt":"2020-06-26T18:08:30","slug":"noticias","status":"publish","type":"page","link":"https:\/\/www.personalfishing.com.br\/en\/noticias\/","title":{"rendered":"News"},"content":{"rendered":"<h3>QUAL O MELHOR PER\u00cdODO DE PESCA DENTRO DA TEMPORADA?<\/h3>\n<p>A temporada de pesca em nossa regi\u00e3o vai de outubro (em alguns anos, at\u00e9 mesmo em setembro) at\u00e9 mar\u00e7o (em alguns anos, at\u00e9 abril \u00e9 vi\u00e1vel). O melhor per\u00edodo de pesca \u00e9 muito vari\u00e1vel. Devido ao regime de cheias dos rios, que naturalmente oscilam muito a cada ano, a seguran\u00e7a \u00e9 prejudicada por conta de varia\u00e7\u00f5es clim\u00e1ticas e temidos <strong>repiquetes<\/strong>*.<\/p>\n<p>*<strong>Repiquetes<\/strong> s\u00e3o oscila\u00e7\u00f5es bruscas do n\u00edvel fluvial, geralmente causadas por chuvas intensas nas cabeceiras dos rios que alteram o estado de um rio de vazante para um estado de enchimento. Este fen\u00f4meno afeta o comportamento dos peixes e pode prejudicar a pescaria.<\/p>\n<h3>NOSSO GRANDE E IMPORTANTE DIFERENCIAL EM RELA\u00c7\u00c3O AOS REPIQUETES AMAZ\u00d4NICOS:<\/h3>\n<p>N\u00e3o podemos garantir as condi\u00e7\u00f5es ambientais ideais, pois estas s\u00e3o incontrol\u00e1veis. Por\u00e9m, garantimos total empenho para encontrar os locais que estejam nas melhores condi\u00e7\u00f5es poss\u00edveis. Para isso, contamos com nossas embarca\u00e7\u00f5es diferenciadas, as quais n\u00e3o s\u00e3o limitadas a um s\u00f3 rio, permitindo deslocamentos r\u00e1pidos no Rio Negro e seus afluentes, ampliando as possibilidades de sucesso. Al\u00e9m disso, contamos com o profissionalismo de nossos guias, nativos dos rios de Barcelos e muito experientes na regi\u00e3o. Estes s\u00e3o autorizados a n\u00e3o medir esfor\u00e7os e custos para ampliar as possibilidades de sucesso da pescaria.<\/p>","protected":false},"excerpt":{"rendered":"<p>QUAL O MELHOR PER\u00cdODO DE PESCA DENTRO DA TEMPORADA? A temporada de pesca em nossa regi\u00e3o vai de outubro (em alguns anos, at\u00e9 mesmo em setembro) at\u00e9 mar\u00e7o (em alguns anos, at\u00e9 abril \u00e9 vi\u00e1vel). O melhor per\u00edodo de pesca \u00e9 muito vari\u00e1vel. Devido ao regime de cheias dos rios, que naturalmente oscilam muito a [&hellip;]<\/p>\n","protected":false},"author":3,"featured_media":0,"parent":0,"menu_order":16,"comment_status":"closed","ping_status":"closed","template":"","meta":{"_acf_changed":false,"_monsterinsights_skip_tracking":false,"_monsterinsights_sitenote_active":false,"_monsterinsights_sitenote_note":"","_monsterinsights_sitenote_category":0,"footnotes":""},"class_list":["post-1819","page","type-page","status-publish","hentry"],"acf":[],"_links":{"self":[{"href":"https:\/\/www.personalfishing.com.br\/en\/wp-json\/wp\/v2\/pages\/1819","targetHints":{"allow":["GET"]}}],"collection":[{"href":"https:\/\/www.personalfishing.com.br\/en\/wp-json\/wp\/v2\/pages"}],"about":[{"href":"https:\/\/www.personalfishing.com.br\/en\/wp-json\/wp\/v2\/types\/page"}],"author":[{"embeddable":true,"href":"https:\/\/www.personalfishing.com.br\/en\/wp-json\/wp\/v2\/users\/3"}],"replies":[{"embeddable":true,"href":"https:\/\/www.personalfishing.com.br\/en\/wp-json\/wp\/v2\/comments?post=1819"}],"version-history":[{"count":10,"href":"https:\/\/www.personalfishing.com.br\/en\/wp-json\/wp\/v2\/pages\/1819\/revisions"}],"predecessor-version":[{"id":2587,"href":"https:\/\/www.personalfishing.com.br\/en\/wp-json\/wp\/v2\/pages\/1819\/revisions\/2587"}],"wp:attachment":[{"href":"https:\/\/www.personalfishing.com.br\/en\/wp-json\/wp\/v2\/media?parent=1819"}],"curies":[{"name":"wp","href":"https:\/\/api.w.org\/{rel}","templated":true}]}}