{"id":2408,"date":"2020-01-23T17:44:15","date_gmt":"2020-01-23T20:44:15","guid":{"rendered":"https:\/\/www.personalfishing.com.br\/?page_id=2408"},"modified":"2022-01-28T15:00:49","modified_gmt":"2022-01-28T18:00:49","slug":"estrutura","status":"publish","type":"page","link":"https:\/\/www.personalfishing.com.br\/en\/estrutura\/","title":{"rendered":"Lodge"},"content":{"rendered":"<section class=\"estrutura\">\n<div id=\"a-pousada\" class=\"a-pousada blocos\">\n<div class=\"container\">\n<div class=\"row\">\n<div class=\"col-md-6\"><img decoding=\"async\" src=\"https:\/\/www.personalfishing.com.br\/wp-content\/uploads\/2019\/01\/foto-fachada-personal-fishing.png\" width=\"100%\" \/><\/div>\n<div class=\"col-md-6\">\n<h3>The Lodge<\/h3>\n<p class=\"translation-block\">PERSONAL FISHING LODGE is an upscale hotel in the heart of\nthe Amazon rainforest. It located on the right bank of the\nRio Negro river in the city of Barcelos-Amazonas(AM).\nPERSONAL FISHING LODGE offers the best sport fishing\ncomplex Barcelos-AM, and also includes a restaurant, full\nmarina, pier, and impeccable hospitality targeted to each\nof our customers.\nEnjoy the comfort, safety, and location of a hotel\nstrategically located near some of the most idyllic fishing\nspots the Rio Negro and its tributaries have to offer.\nPERSONAL FISHING LODGE is located on the edge of the city,\nright in front of the Mariu\u00e1 Archipelago, which is the\nlargest archipelago in the world. We provide you comfort,\nquality, and safety during your stay combined with a high\nstandard customer service within the Amazon rainforest.\nLet us help you share your passion for sport fishing with\nyour whole family. Join us for the opportunity of a\nlifetime and stay at our beautiful development!<\/p>\n<\/div>\n<div class=\"col-md-12\">\n<div class=\"box-pousada translation-block\">Everything planned to your <strong>convenience, confort and security.<\/strong><\/div>\n<h4>No LODGE, temos:<\/h4>\n<div class=\"row no-padding\">\n<div class=\"col-md-4\">\n<ul>\n<li>Reception<\/li>\n<li>Massage Room<\/li>\n<li>Living Room<\/li>\n<li>Kitchen<\/li>\n<li>Restaurant<\/li>\n<li>Bar;<\/li>\n<li>Barbecue area with wooden deck with panoramic views of the Rio Negro;<\/li>\n<\/ul>\n<\/div>\n<div class=\"col-md-4\">\n<ul>\n<li>Pool<\/li>\n<li>Rest area<\/li>\n<li>Room with 65\" 4k TV and sound system JBL<\/li>\n<li>Wi-Fi Internet<\/li>\n<li>Laundry<\/li>\n<li>Rest area<\/li>\n<li>Game area<\/li>\n<\/ul>\n<\/div>\n<div class=\"col-md-4\">\n<ul>\n<li>Marina with BOAT LIFT system<\/li>\n<li>Repair shop<\/li>\n<li>Tower with 60 meters height and exclusive VHF radio system for long distance communication (highest private tower in the city);<\/li>\n<li>750 m\u00b2 concrete patio;<\/li>\n<li>60 meter concrete ramp to access the Negro River;<\/li>\n<\/ul>\n<\/div>\n<\/div>\n<\/div>\n<\/div>\n<\/div>\n<\/div>\n<div id=\"localizacao2\" class=\"localizacao blocos\" style=\"padding: 15px 0;\">\n<div class=\"container\">\n<div class=\"row\">\n<div class=\"offset-md-6 col-md-6\">\n<h3>Localization<\/h3>\n<ul>\n<li>PERSONAL FISHING LODGE is located in the city of Barcelos-\nAM less than 1 km from the municipal airport.<\/li>\n<li>We are located in front of the largest river archipelago in\nthe world, the Mariu\u00e1 Archipelago, with more than 1600\nislands, lakes and streams. Near the tributaries: Rio\nCuiuni, Rio Arac\u00e1, Rio Demini, Rio Caures, Rio It\u00fa,\nArirarr\u00e1 among others. Very close to the main fishing\nspots, where the largest a\u00e7u peacocks in the world have\nalready been caught.<\/li>\n<\/ul>\n<div class=\"row galeria\">\n<div class=\"col\"><a href=\"https:\/\/www.personalfishing.com.br\/wp-content\/uploads\/2020\/05\/localizacao-01.jpg\" rel=\"lightbox\" data-lightbox-gallery=\"lightbox-gallery-1\" data-rel=\"lightbox-gallery-kqjB5E6M\" data-rl_title=\"\" data-rl_caption=\"\" title=\"\"> <img decoding=\"async\" src=\"https:\/\/www.personalfishing.com.br\/wp-content\/uploads\/2020\/05\/localizacao-01.jpg\" \/> <\/a><\/div>\n<div class=\"col\"><a href=\"https:\/\/www.personalfishing.com.br\/wp-content\/uploads\/2020\/05\/localizacao-02.jpg\" rel=\"lightbox\" data-lightbox-gallery=\"lightbox-gallery-1\" data-rel=\"lightbox-gallery-kqjB5E6M\" data-rl_title=\"\" data-rl_caption=\"\" title=\"\"> <img decoding=\"async\" src=\"https:\/\/www.personalfishing.com.br\/wp-content\/uploads\/2020\/05\/localizacao-02.jpg\" \/> <\/a><\/div>\n<div class=\"col\"><a href=\"https:\/\/www.personalfishing.com.br\/wp-content\/uploads\/2020\/05\/galeria-posto-01.jpg\" rel=\"lightbox\" data-lightbox-gallery=\"lightbox-gallery-1\" data-rel=\"lightbox-gallery-kqjB5E6M\" data-rl_title=\"\" data-rl_caption=\"\" title=\"\"> <img decoding=\"async\" src=\"https:\/\/www.personalfishing.com.br\/wp-content\/uploads\/2020\/05\/galeria-posto-01.jpg\" \/> <\/a><\/div>\n<div class=\"col\"><a href=\"https:\/\/www.personalfishing.com.br\/wp-content\/uploads\/2020\/05\/localizacao-04.jpg\" rel=\"lightbox\" data-lightbox-gallery=\"lightbox-gallery-1\" data-rel=\"lightbox-gallery-kqjB5E6M\" data-rl_title=\"\" data-rl_caption=\"\" title=\"\"> <img decoding=\"async\" src=\"https:\/\/www.personalfishing.com.br\/wp-content\/uploads\/2020\/05\/localizacao-04.jpg\" \/> <\/a><\/div>\n<div class=\"col\"><a href=\"https:\/\/www.personalfishing.com.br\/wp-content\/uploads\/2019\/04\/galeria-localizacao-5.jpg\" rel=\"lightbox\" data-lightbox-gallery=\"lightbox-gallery-1\" data-rel=\"lightbox-gallery-kqjB5E6M\" data-rl_title=\"\" data-rl_caption=\"\" title=\"\"> <img decoding=\"async\" src=\"https:\/\/www.personalfishing.com.br\/wp-content\/uploads\/2019\/04\/galeria-localizacao-5.jpg\" \/> <\/a><\/div>\n<\/div>\n<\/div>\n<\/div>\n<\/div>\n<\/div>\n<div id=\"acomodacoes\" class=\"acomodacoes blocos\" style=\"padding: 15px 0;\">\n<div class=\"container\">\n<div class=\"row\">\n<div class=\"col-md-6\">\n<h3>Accommodations<\/h3>\n<ul>\n<li>PERSONAL FISHING LODGE has two types of rooms: three twin\nbeds or one double bed, plus a twin bed. All rooms are\nequipped with air conditioning, minibars, a three drawer\ncabinet, storage space for fishing rods, private bathrooms\n(with hot water), hairdryer and mirror.<\/li>\n<li>Laundry service and\nmany other amenities included.<\/li>\n<li>PERSONAL FISHING LODGE provides an exclusively family\natmosphere for your peace of mind and that of your whole\nfamily.<\/li>\n<\/ul>\n<div class=\"row galeria\">\n<div class=\"col\"><a href=\"https:\/\/www.personalfishing.com.br\/wp-content\/uploads\/2020\/05\/galeria-acomodacoes-01.jpg\" rel=\"lightbox\" data-lightbox-gallery=\"lightbox-gallery-1\" data-rel=\"lightbox-gallery-kqjB5E6M\" data-rl_title=\"\" data-rl_caption=\"\" title=\"\"> <img decoding=\"async\" src=\"https:\/\/www.personalfishing.com.br\/wp-content\/uploads\/2020\/05\/galeria-acomodacoes-01.jpg\" \/> <\/a><\/div>\n<div class=\"col\"><a href=\"https:\/\/www.personalfishing.com.br\/wp-content\/uploads\/2020\/05\/galeria-acomodacoes-02.jpg\" rel=\"lightbox\" data-lightbox-gallery=\"lightbox-gallery-1\" data-rel=\"lightbox-gallery-kqjB5E6M\" data-rl_title=\"\" data-rl_caption=\"\" title=\"\"> <img decoding=\"async\" src=\"https:\/\/www.personalfishing.com.br\/wp-content\/uploads\/2020\/05\/galeria-acomodacoes-02.jpg\" \/> <\/a><\/div>\n<div class=\"col\"><a href=\"https:\/\/www.personalfishing.com.br\/wp-content\/uploads\/2020\/05\/galeria-acomodacoes-03.jpg\" rel=\"lightbox\" data-lightbox-gallery=\"lightbox-gallery-1\" data-rel=\"lightbox-gallery-kqjB5E6M\" data-rl_title=\"\" data-rl_caption=\"\" title=\"\"> <img decoding=\"async\" src=\"https:\/\/www.personalfishing.com.br\/wp-content\/uploads\/2020\/05\/galeria-acomodacoes-03.jpg\" \/> <\/a><\/div>\n<div class=\"col\"><a href=\"https:\/\/www.personalfishing.com.br\/wp-content\/uploads\/2020\/05\/galeria-acomodacoes-04.jpg\" rel=\"lightbox\" data-lightbox-gallery=\"lightbox-gallery-1\" data-rel=\"lightbox-gallery-kqjB5E6M\" data-rl_title=\"\" data-rl_caption=\"\" title=\"\"> <img decoding=\"async\" src=\"https:\/\/www.personalfishing.com.br\/wp-content\/uploads\/2020\/05\/galeria-acomodacoes-04.jpg\" \/> <\/a><\/div>\n<\/div>\n<\/div>\n<\/div>\n<\/div>\n<\/div>\n<div id=\"cafe-da-manha\" class=\"cafe-da-manha blocos\" style=\"padding: 15px 0;\">\n<div class=\"container\">\n<div class=\"row\">\n<div class=\"offset-md-6 col-md-6\">\n<h3>Restaurant<\/h3>\n<p>No restaurante voc\u00ea ter\u00e1 um ambiente aconchegante equipado com acomoda\u00e7\u00f5es para at\u00e9 20 pessoas, com bar completo, TV 60 polegadas 4k e sistema de sonoriza\u00e7\u00e3o propicio para que voc\u00ea possa desfrutar de nossa gastronomia de alto padr\u00e3o, contamos tamb\u00e9m com espa\u00e7oso deck de madeira com \u00e1rea para churrasco, piscina, duchas, jogos e vista panor\u00e2mica para o Rio Negro.<\/p>\n<div class=\"row galeria\">\n<div class=\"col\"><a href=\"https:\/\/www.personalfishing.com.br\/wp-content\/uploads\/2020\/05\/galeria-restaurante-04.jpg\" rel=\"lightbox\" data-lightbox-gallery=\"lightbox-gallery-1\" data-rel=\"lightbox-gallery-kqjB5E6M\" data-rl_title=\"\" data-rl_caption=\"\" title=\"\"> <img decoding=\"async\" src=\"https:\/\/www.personalfishing.com.br\/wp-content\/uploads\/2020\/05\/galeria-restaurante-04.jpg\" \/> <\/a><\/div>\n<div class=\"col\"><a href=\"https:\/\/www.personalfishing.com.br\/wp-content\/uploads\/2020\/05\/galeria-restaurante-03.jpg\" rel=\"lightbox\" data-lightbox-gallery=\"lightbox-gallery-1\" data-rel=\"lightbox-gallery-kqjB5E6M\" data-rl_title=\"\" data-rl_caption=\"\" title=\"\"> <img decoding=\"async\" src=\"https:\/\/www.personalfishing.com.br\/wp-content\/uploads\/2020\/05\/galeria-restaurante-03.jpg\" \/> <\/a><\/div>\n<div class=\"col\"><a href=\"https:\/\/www.personalfishing.com.br\/wp-content\/uploads\/2020\/05\/restaurante-03.jpg\" rel=\"lightbox\" data-lightbox-gallery=\"lightbox-gallery-1\" data-rel=\"lightbox-gallery-kqjB5E6M\" data-rl_title=\"\" data-rl_caption=\"\" title=\"\"> <img decoding=\"async\" src=\"https:\/\/www.personalfishing.com.br\/wp-content\/uploads\/2020\/05\/restaurante-03.jpg\" \/> <\/a><\/div>\n<div class=\"col\"><a href=\"https:\/\/www.personalfishing.com.br\/wp-content\/uploads\/2020\/05\/galeria-restaurante-01.jpg\" rel=\"lightbox\" data-lightbox-gallery=\"lightbox-gallery-1\" data-rel=\"lightbox-gallery-kqjB5E6M\" data-rl_title=\"\" data-rl_caption=\"\" title=\"\"> <img decoding=\"async\" src=\"https:\/\/www.personalfishing.com.br\/wp-content\/uploads\/2020\/05\/galeria-restaurante-01.jpg\" \/> <\/a><\/div>\n<div class=\"col\"><a href=\"https:\/\/www.personalfishing.com.br\/wp-content\/uploads\/2020\/05\/bar-01.jpg\" rel=\"lightbox\" data-lightbox-gallery=\"lightbox-gallery-1\" data-rel=\"lightbox-gallery-kqjB5E6M\" data-rl_title=\"\" data-rl_caption=\"\" title=\"\"> <img decoding=\"async\" src=\"https:\/\/www.personalfishing.com.br\/wp-content\/uploads\/2020\/05\/bar-01.jpg\" \/> <\/a><\/div>\n<\/div>\n<\/div>\n<\/div>\n<\/div>\n<\/div>\n<div id=\"barcos-equipamentos\" class=\"barcos-equipamentos blocos\" style=\"padding: 15px 0;\">\n<div class=\"container\">\n<div class=\"row\">\n<div class=\"col-md-6\">\n<h3>Marina<\/h3>\n<ul>\n<li>Our marina has a 750 m2 concrete patio, a 600 m2 metal\nstructure cover, BOAT LIFT system, a complete workshop and\na 60 meter ramp with a winch ramp.<\/li>\n<li>Our fleet consists of two types of bass boats. We currently\nhave eighteen seventeen-foot NITRO (USA) vessels with one\nhundred horsepower and four-stroke Mercury engines.<\/li>\n<li>Our\nfleet also consists of ten aluminum boats, platformed with\nSuzuki thirty horsepower engines and other equipment.<\/li>\n<\/ul>\n<div class=\"row galeria\">\n<div class=\"col\"><a href=\"https:\/\/www.personalfishing.com.br\/wp-content\/uploads\/2020\/05\/marina-01.jpg\" rel=\"lightbox\" data-lightbox-gallery=\"lightbox-gallery-1\" data-rel=\"lightbox-gallery-kqjB5E6M\" data-rl_title=\"\" data-rl_caption=\"\" title=\"\"> <img decoding=\"async\" src=\"https:\/\/www.personalfishing.com.br\/wp-content\/uploads\/2020\/05\/marina-01.jpg\" \/> <\/a><\/div>\n<div class=\"col\"><a href=\"https:\/\/www.personalfishing.com.br\/wp-content\/uploads\/2020\/05\/marina-03.jpg\" rel=\"lightbox\" data-lightbox-gallery=\"lightbox-gallery-1\" data-rel=\"lightbox-gallery-kqjB5E6M\" data-rl_title=\"\" data-rl_caption=\"\" title=\"\"> <img decoding=\"async\" src=\"https:\/\/www.personalfishing.com.br\/wp-content\/uploads\/2020\/05\/marina-03.jpg\" \/> <\/a><\/div>\n<div class=\"col\"><a href=\"https:\/\/www.personalfishing.com.br\/wp-content\/uploads\/2020\/05\/marina-4.jpg\" rel=\"lightbox\" data-lightbox-gallery=\"lightbox-gallery-1\" data-rel=\"lightbox-gallery-kqjB5E6M\" data-rl_title=\"\" data-rl_caption=\"\" title=\"\"> <img decoding=\"async\" src=\"https:\/\/www.personalfishing.com.br\/wp-content\/uploads\/2020\/05\/marina-4.jpg\" \/> <\/a><\/div>\n<div class=\"col\"><a href=\"https:\/\/www.personalfishing.com.br\/wp-content\/uploads\/2020\/05\/marina-02.jpg\" rel=\"lightbox\" data-lightbox-gallery=\"lightbox-gallery-1\" data-rel=\"lightbox-gallery-kqjB5E6M\" data-rl_title=\"\" data-rl_caption=\"\" title=\"\"> <img decoding=\"async\" src=\"https:\/\/www.personalfishing.com.br\/wp-content\/uploads\/2020\/05\/marina-02.jpg\" \/> <\/a><\/div>\n<\/div>\n<\/div>\n<\/div>\n<\/div>\n<\/div>\n<div id=\"posto-avancado\" class=\"posto-avancado blocos\" style=\"padding: 15px 0;\">\n<div class=\"container\">\n<div class=\"row\">\n<div class=\"offset-md-6 col-md-6\">\n<h3>Outpost<\/h3>\n<p class=\"p1\">O nosso primeiro POSTO AVAN\u00c7ADO est\u00e1 implantado em ponto estrat\u00e9gico no RIO ARAC\u00c1. Em nossa \u00e1rea particular com tamanho total de 30 hectares localizado no trecho do Alto Rio Arac\u00e1, que se encontra a aproximidamente 200 km de distancia de navega\u00e7\u00e3o da nosso LODGE no Rio Negro, na \u00e1rea temos o RESTAURANTE que \u00e9 uma grande cabana de madeira r\u00fastica toda totalmente telada medindo 256m2, com cozinha, amplo sal\u00e3o de refei\u00e7\u00f5es, bar completo, sala de estar e jogos com ventiladores, INTERNET com WI-FI e 2 banheiros. Temos tamb\u00e9m 2 CHAL\u00c9S constru\u00eddo com madeira r\u00fastica, totalmente telados medindo 80m\u00b2 cada, sendo 2 SUITES em cada de 40m\u00b2, com 4 camas de solteiro e ventiladores que acomoda at\u00e9 16 pessoas total. Todos os Chal\u00e9s, Restaurante e Porto privativo de embarque e desembarque, s\u00e3o ligados por passarelas de madeira. Temos \u00e1gua encanada em todas as estruturas, Tratamento de Esgoto, e Ilumina\u00e7\u00e3o por sistema de energia solar. 1 Casa de Servi\u00e7o de 54m\u00b2 e tamb\u00e9m 1 Casa de caseiro de 24m\u00b2.<\/p>\n<div class=\"row galeria\">\n<div class=\"col\"><a href=\"https:\/\/www.personalfishing.com.br\/wp-content\/uploads\/2020\/05\/galeria-posto-01.jpg\" rel=\"lightbox\" data-lightbox-gallery=\"lightbox-gallery-1\" data-rel=\"lightbox-gallery-kqjB5E6M\" data-rl_title=\"\" data-rl_caption=\"\" title=\"\"> <img decoding=\"async\" src=\"https:\/\/www.personalfishing.com.br\/wp-content\/uploads\/2020\/05\/galeria-posto-01.jpg\" \/> <\/a><\/div>\n<div class=\"col\"><a href=\"https:\/\/www.personalfishing.com.br\/wp-content\/uploads\/2020\/05\/galeria-posto-02.jpg\" rel=\"lightbox\" data-lightbox-gallery=\"lightbox-gallery-1\" data-rel=\"lightbox-gallery-kqjB5E6M\" data-rl_title=\"\" data-rl_caption=\"\" title=\"\"> <img decoding=\"async\" src=\"https:\/\/www.personalfishing.com.br\/wp-content\/uploads\/2020\/05\/galeria-posto-02.jpg\" \/> <\/a><\/div>\n<div class=\"col\"><a href=\"https:\/\/www.personalfishing.com.br\/wp-content\/uploads\/2021\/09\/posto5.jpeg\" rel=\"lightbox\" data-lightbox-gallery=\"lightbox-gallery-1\" data-rel=\"lightbox-gallery-kqjB5E6M\" data-rl_title=\"\" data-rl_caption=\"\" title=\"\"> <img decoding=\"async\" src=\"https:\/\/www.personalfishing.com.br\/wp-content\/uploads\/2021\/09\/posto5-e1632752906628.jpeg\" \/> <\/a><\/div>\n<div class=\"col\"><a href=\"https:\/\/www.personalfishing.com.br\/wp-content\/uploads\/2021\/09\/posto4.jpeg\" rel=\"lightbox\" data-lightbox-gallery=\"lightbox-gallery-1\" data-rel=\"lightbox-gallery-kqjB5E6M\" data-rl_title=\"\" data-rl_caption=\"\" title=\"\"> <img decoding=\"async\" src=\"https:\/\/www.personalfishing.com.br\/wp-content\/uploads\/2021\/09\/posto4.jpeg\" \/> <\/a><\/div>\n<\/div>\n<div class=\"row galeria\" style=\"margin-top: 15px;\">\n<div class=\"col\"><a href=\"https:\/\/www.personalfishing.com.br\/wp-content\/uploads\/2021\/09\/posto7.jpeg\" rel=\"lightbox\" data-lightbox-gallery=\"lightbox-gallery-1\" data-rel=\"lightbox-gallery-kqjB5E6M\" data-rl_title=\"\" data-rl_caption=\"\" title=\"\"> <img decoding=\"async\" src=\"https:\/\/www.personalfishing.com.br\/wp-content\/uploads\/2021\/09\/posto7-e1632753202352.jpeg\" \/> <\/a><\/div>\n<div class=\"col\"><a href=\"https:\/\/www.personalfishing.com.br\/wp-content\/uploads\/2021\/09\/POSTO8.jpeg\" rel=\"lightbox\" data-lightbox-gallery=\"lightbox-gallery-1\" data-rel=\"lightbox-gallery-kqjB5E6M\" data-rl_title=\"\" data-rl_caption=\"\" title=\"\"> <img decoding=\"async\" src=\"https:\/\/www.personalfishing.com.br\/wp-content\/uploads\/2021\/09\/POSTO8-e1632754315831.jpeg\" \/> <\/a><\/div>\n<div class=\"col\"><a href=\"https:\/\/www.personalfishing.com.br\/wp-content\/uploads\/2021\/09\/posto2.jpeg\" rel=\"lightbox\" data-lightbox-gallery=\"lightbox-gallery-1\" data-rel=\"lightbox-gallery-kqjB5E6M\" data-rl_title=\"\" data-rl_caption=\"\" title=\"\"> <img decoding=\"async\" src=\"https:\/\/www.personalfishing.com.br\/wp-content\/uploads\/2021\/09\/posto2-e1632746472231.jpeg\" \/> <\/a><\/div>\n<div class=\"col\"><a href=\"https:\/\/www.personalfishing.com.br\/wp-content\/uploads\/2021\/09\/posto3.jpeg\" rel=\"lightbox\" data-lightbox-gallery=\"lightbox-gallery-1\" data-rel=\"lightbox-gallery-kqjB5E6M\" data-rl_title=\"\" data-rl_caption=\"\" title=\"\"> <img decoding=\"async\" src=\"https:\/\/www.personalfishing.com.br\/wp-content\/uploads\/2021\/09\/posto3.jpeg\" \/> <\/a><\/div>\n<\/div>\n<\/div>\n<\/div>\n<\/div>\n<\/div>\n<div id=\"periodo-temporada\" class=\"periodo-temporada blocos\" style=\"padding: 15px 0;\">\n<div class=\"container\">\n<div class=\"row\">\n<div class=\"col-md-12\">\n<h3>Fishing<\/h3>\n<\/div>\n<div class=\"col-md-6 gratuitamente\">\n<h4>Fishing Season:<\/h4>\n<ul>\n<li class=\"translation-block\">The Amazonian fishing season starts in September and runs\nthrough March for scale fish and until April for leather\nfish.<\/li>\n<li>The most abundant fish are Tucunar\u00e9 a\u00e7\u00fa, Tucunar\u00e9\nPaca A\u00e7u, Tucunar\u00e9 Borboleta, Tucunar\u00e9 Popoca, Aruan\u00e3,\nCorvina, Tra\u00edra, Cachara, Pirarara, and Pira\u00edba.<\/li>\n<\/ul>\n<h4>Additional amenities:<\/h4>\n<ul>\n<li>Tools (including, but not limited to pliers, fish\n\ngrips, and rulers)<\/li>\n<li>First aid kit (including antihistamines)<\/li>\n<li>Hammocks, chairs, umbrellas, and kits for lunch on the\nriver are available.<\/li>\n<li>Professional fishing guides (Our guides are highly\ntrained and prepared. This service is carried out by\nexcellent local guides with experience in the region\nand trained by JJ for your highly individualized\nexperience.)<\/li>\n<li>Photography service performed by BASS BOATS guides (The\noriginal images of the fishery will be made available\nto the client free of charge in high resolution) <strong>Without any preparation or edition.<\/strong>.<\/li>\n<\/ul>\n<p><strong>* We can serve up to a maximum of 12 people per date.<\/strong><\/p>\n<\/div>\n<div class=\"col-md-6\">\n<h4>Security:<\/h4>\n<ul>\n<li>An aluminum boat vessel, complete with reserve (to\nensure that customers can continue to carry out the\nfishing smoothly)<\/li>\n<li>A complete first aid kit (including\nantihistamines for allergies) is included in all\npackages, satisfying most medical needs.<\/li>\n<li>Our guides are highly experienced and prepared, constantly updated to better serve our clients.<\/li>\n<li>All BASS BOATS are monitored and tracked by the SPOT\nsystem with communication via text messages between the\nvessels and the lodge to establish even more confidence\nand security.<\/li>\n<li>Long-range radio communication\nbetween the vessels and the lodge tower is in place for\nyour confidence and security.<\/li>\n<li>Para sua tranquilidade caso seja necess\u00e1rio estamos a 600 metros do Hospital municipal.<\/li>\n<li class=\"translation-block\"><strong>Travel insurance for all customers<\/strong><\/li>\n<\/ul>\n<\/div>\n<\/div>\n<\/div>\n<\/div>\n<\/section>","protected":false},"excerpt":{"rendered":"<p>O LODGE O PERSONAL FISHING LODGE \u00e9 um complexo hoteleiro constru\u00eddo no cora\u00e7\u00e3o da Floresta Amaz\u00f4nica, na margem direita do Rio Negro na cidade de Barcelos-AM. O LODGE possui a melhor estrutura de pesca esportiva em Barcelos, Amazonas, com Hotelaria, Restaurante, Marina completa e Pier flutuante. Desfrute do conforto, seguran\u00e7a e da praticidade em um [&hellip;]<\/p>\n","protected":false},"author":2,"featured_media":0,"parent":0,"menu_order":12,"comment_status":"closed","ping_status":"closed","template":"","meta":{"_acf_changed":false,"_monsterinsights_skip_tracking":false,"_monsterinsights_sitenote_active":false,"_monsterinsights_sitenote_note":"","_monsterinsights_sitenote_category":0,"footnotes":""},"class_list":["post-2408","page","type-page","status-publish","hentry"],"acf":[],"_links":{"self":[{"href":"https:\/\/www.personalfishing.com.br\/en\/wp-json\/wp\/v2\/pages\/2408","targetHints":{"allow":["GET"]}}],"collection":[{"href":"https:\/\/www.personalfishing.com.br\/en\/wp-json\/wp\/v2\/pages"}],"about":[{"href":"https:\/\/www.personalfishing.com.br\/en\/wp-json\/wp\/v2\/types\/page"}],"author":[{"embeddable":true,"href":"https:\/\/www.personalfishing.com.br\/en\/wp-json\/wp\/v2\/users\/2"}],"replies":[{"embeddable":true,"href":"https:\/\/www.personalfishing.com.br\/en\/wp-json\/wp\/v2\/comments?post=2408"}],"version-history":[{"count":10,"href":"https:\/\/www.personalfishing.com.br\/en\/wp-json\/wp\/v2\/pages\/2408\/revisions"}],"predecessor-version":[{"id":3457,"href":"https:\/\/www.personalfishing.com.br\/en\/wp-json\/wp\/v2\/pages\/2408\/revisions\/3457"}],"wp:attachment":[{"href":"https:\/\/www.personalfishing.com.br\/en\/wp-json\/wp\/v2\/media?parent=2408"}],"curies":[{"name":"wp","href":"https:\/\/api.w.org\/{rel}","templated":true}]}}