{"id":3096,"date":"2020-07-17T16:27:05","date_gmt":"2020-07-17T19:27:05","guid":{"rendered":"https:\/\/www.personalfishing.com.br\/?page_id=3096"},"modified":"2023-08-21T13:30:00","modified_gmt":"2023-08-21T16:30:00","slug":"agencia","status":"publish","type":"page","link":"https:\/\/www.personalfishing.com.br\/en\/agencia\/","title":{"rendered":"TRAVEL AGENCY"},"content":{"rendered":"<div class=\"row pagina-sobre\">\n<div class=\"col-md-6 text-center left\">\n<p><img decoding=\"async\" src=\"https:\/\/www.personalfishing.com.br\/wp-content\/uploads\/2020\/07\/FACHADA-AGENCIA.png\" alt=\"Foto Interna - Personal Fishing (Sobre)\" \/><\/p>\n<\/div>\n<div class=\"col-md-6\">\n<p class=\"p1\"><span class=\"s1\">Personal Fishing, a travel agency specializing in sport fishing tourism, located in Bauru, S\u00e3o Paulo, where it has a state-of-the-art technological infrastructure to offer the best service to our customers, always working with great professionalism, commitment and security!<\/span><\/p>\n<p>Possui departamento de Marketing e Cria\u00e7\u00e3o, onde nossos colaboradores analisam todos os dados de navega\u00e7\u00e3o e tend\u00eancias para uso nas m\u00eddias sociais, desenvolvimento e cria\u00e7\u00e3o de pe\u00e7as publicit\u00e1rias especificas para o p\u00fablico de pesca esportiva.<\/p>\n<p>Tamb\u00e9m possui departamento jur\u00eddico e financeiro, que \u00e9 respons\u00e1vel por todas as opera\u00e7\u00f5es em rela\u00e7\u00e3o a preenchimento de ficha cadastral, reservas e confirma\u00e7\u00f5es de datas, libera\u00e7\u00e3o e revis\u00e3o de contratos, administra\u00e7\u00e3o de carteira e opera\u00e7\u00f5es banc\u00e1rias. Sempre \u00e0 disposi\u00e7\u00e3o caso surja alguma d\u00favida.<\/p>\n<p>We also have an Information Technology team, which is always ready to provide you with a safe and secure experience within our digital platforms.<\/p>\n<\/div>\n<\/div>\n<p><img loading=\"lazy\" decoding=\"async\" class=\"alignnone wp-image-3099 size-full\" style=\"margin-top: 30px; width: 100%; border: 5px #fff solid; box-shadow: 0px 0px 20px #00000047;\" src=\"https:\/\/www.personalfishing.com.br\/wp-content\/uploads\/2020\/07\/internaAgencia-scaled.jpg\" alt=\"\" width=\"2560\" height=\"778\" \/><\/p>","protected":false},"excerpt":{"rendered":"<p>A empresa PERSONAL FISHING, com sua matriz em sede pr\u00f3pria situada na cidade de Bauru\/SP, onde conta com uma infraestrutura tecnol\u00f3gica de ponta para oferecer o melhor atendimento a todos nossos clientes, trabalhando sempre com muito profissionalismo, empenho e seguran\u00e7a! Possui departamento de Marketing e Cria\u00e7\u00e3o, onde nossos colaboradores analisam todos os dados de navega\u00e7\u00e3o [&hellip;]<\/p>\n","protected":false},"author":2,"featured_media":0,"parent":0,"menu_order":4,"comment_status":"closed","ping_status":"closed","template":"","meta":{"_acf_changed":false,"_monsterinsights_skip_tracking":false,"_monsterinsights_sitenote_active":false,"_monsterinsights_sitenote_note":"","_monsterinsights_sitenote_category":0,"footnotes":""},"class_list":["post-3096","page","type-page","status-publish","hentry"],"acf":[],"_links":{"self":[{"href":"https:\/\/www.personalfishing.com.br\/en\/wp-json\/wp\/v2\/pages\/3096","targetHints":{"allow":["GET"]}}],"collection":[{"href":"https:\/\/www.personalfishing.com.br\/en\/wp-json\/wp\/v2\/pages"}],"about":[{"href":"https:\/\/www.personalfishing.com.br\/en\/wp-json\/wp\/v2\/types\/page"}],"author":[{"embeddable":true,"href":"https:\/\/www.personalfishing.com.br\/en\/wp-json\/wp\/v2\/users\/2"}],"replies":[{"embeddable":true,"href":"https:\/\/www.personalfishing.com.br\/en\/wp-json\/wp\/v2\/comments?post=3096"}],"version-history":[{"count":10,"href":"https:\/\/www.personalfishing.com.br\/en\/wp-json\/wp\/v2\/pages\/3096\/revisions"}],"predecessor-version":[{"id":3375,"href":"https:\/\/www.personalfishing.com.br\/en\/wp-json\/wp\/v2\/pages\/3096\/revisions\/3375"}],"wp:attachment":[{"href":"https:\/\/www.personalfishing.com.br\/en\/wp-json\/wp\/v2\/media?parent=3096"}],"curies":[{"name":"wp","href":"https:\/\/api.w.org\/{rel}","templated":true}]}}